{"id":385,"date":"2024-10-23T13:26:11","date_gmt":"2024-10-23T11:26:11","guid":{"rendered":"https:\/\/www.digital-loire-consulting.com\/?page_id=385"},"modified":"2024-10-23T14:03:10","modified_gmt":"2024-10-23T12:03:10","slug":"mentions-legales","status":"publish","type":"page","link":"https:\/\/www.digital-loire-consulting.com\/?page_id=385","title":{"rendered":"Mentions L\u00e9gales"},"content":{"rendered":"\t\t<div data-elementor-type=\"wp-page\" data-elementor-id=\"385\" class=\"elementor elementor-385\">\n\t\t\t\t<div class=\"elementor-element elementor-element-4cbd1fa e-flex e-con-boxed wpr-particle-no wpr-jarallax-no wpr-parallax-no wpr-sticky-section-no wpr-equal-height-no e-con e-parent\" data-id=\"4cbd1fa\" data-element_type=\"container\" data-e-type=\"container\">\n\t\t\t\t\t<div class=\"e-con-inner\">\n\t\t\t\t<div class=\"elementor-element elementor-element-1896707 elementor-widget elementor-widget-heading\" data-id=\"1896707\" data-element_type=\"widget\" data-e-type=\"widget\" data-widget_type=\"heading.default\">\n\t\t\t\t<div class=\"elementor-widget-container\">\n\t\t\t\t\t<h2 class=\"elementor-heading-title elementor-size-default\">Mentions L\u00e9gales<\/h2>\t\t\t\t<\/div>\n\t\t\t\t<\/div>\n\t\t\t\t<div class=\"elementor-element elementor-element-0d018fe elementor-widget elementor-widget-text-editor\" data-id=\"0d018fe\" data-element_type=\"widget\" data-e-type=\"widget\" data-widget_type=\"text-editor.default\">\n\t\t\t\t<div class=\"elementor-widget-container\">\n\t\t\t\t\t\t\t\t\t<h3>1. <strong>\u00c9diteur du site<\/strong><\/h3><p>Le site [<a rel=\"noopener\" target=\"_new\" href=\"http:\/\/www.digital-loire-consulting.fr\">www.digital-loire-consulting.fr<\/a>] est \u00e9dit\u00e9 par :<\/p><ul><li><strong>Raison sociale<\/strong> : Digital Loire Consulting<\/li><li><strong>Forme juridique<\/strong> : Soci\u00e9t\u00e9 par actions simplifi\u00e9e \u00e0 associ\u00e9 unique (SASU)<\/li><li><strong>Si\u00e8ge social<\/strong> : 320 rue de la Croix du Frene, 42590 Neulise, France<\/li><li><strong>Num\u00e9ro d&rsquo;immatriculation<\/strong> : 89832011400017 (RCS)<\/li><li><strong>Capital social<\/strong> : 100 \u20ac<\/li><li><strong>Directeur de la publication<\/strong> : S\u00e9bastien Oorenbant<\/li><li><strong>Responsable de la r\u00e9daction<\/strong> : S\u00e9bastien Oorenbant<\/li><li><strong>Adresse e-mail<\/strong> : <a rel=\"noopener\">sebastien.oorenbant@digital-loire-consulting.fr<\/a><\/li><\/ul><h3>2. <strong>H\u00e9bergeur du site<\/strong><\/h3><p>Le site est h\u00e9berg\u00e9 par :<\/p><ul><li><strong>WordPress<\/strong><\/li><li>L&rsquo;h\u00e9bergeur de WordPress est <a rel=\"noopener\" target=\"_new\" href=\"https:\/\/automattic.com\">Automattic Inc.<\/a>, une soci\u00e9t\u00e9 bas\u00e9e aux \u00c9tats-Unis. Si\u00e8ge social : 60 29th Street #343, San Francisco, CA 94110, \u00c9tats-Unis.<\/li><\/ul><h3>3. <strong>Propri\u00e9t\u00e9 intellectuelle<\/strong><\/h3><p>L\u2019ensemble du contenu pr\u00e9sent sur le site [<a rel=\"noopener\" target=\"_new\" href=\"http:\/\/www.digital-loire-consulting.fr\">www.digital-loire-consulting.fr<\/a>], incluant, de fa\u00e7on non limitative, les textes, graphiques, images, logos, et vid\u00e9os, est la propri\u00e9t\u00e9 de Digital Loire Consulting, ou fait l\u2019objet d\u2019une autorisation d\u2019utilisation. Toute reproduction, distribution, modification ou adaptation de ces \u00e9l\u00e9ments est interdite sans autorisation pr\u00e9alable.<\/p><h3>4. <strong>Donn\u00e9es personnelles<\/strong><\/h3><p>Dans le cadre de l\u2019utilisation du site [<a rel=\"noopener\" target=\"_new\" href=\"http:\/\/www.digital-loire-consulting.fr\">www.digital-loire-consulting.fr<\/a>], Digital Loire Consulting est amen\u00e9 \u00e0 collecter des informations personnelles via le formulaire de contact. Les donn\u00e9es collect\u00e9es (nom, pr\u00e9nom, e-mail, num\u00e9ro de t\u00e9l\u00e9phone) sont destin\u00e9es \u00e0 des fins de prospection commerciale, notamment pour recontacter les utilisateurs int\u00e9ress\u00e9s par les services de la soci\u00e9t\u00e9.<\/p><p>Conform\u00e9ment \u00e0 la loi \u00ab\u00a0Informatique et Libert\u00e9s\u00a0\u00bb et au R\u00e8glement G\u00e9n\u00e9ral sur la Protection des Donn\u00e9es (RGPD), vous disposez d\u2019un droit d\u2019acc\u00e8s, de rectification et de suppression des informations vous concernant. Pour exercer ces droits, vous pouvez contacter Digital Loire Consulting par e-mail \u00e0 l\u2019adresse suivante : <a rel=\"noopener\">sebastien.oorenbant@digital-loire-consulting.fr<\/a>.<\/p><h3>5. <strong>Cookies<\/strong><\/h3><p>Le site n\u2019utilise actuellement pas de cookies, mais leur utilisation est pr\u00e9vue \u00e0 l\u2019avenir. Les utilisateurs seront inform\u00e9s et pourront g\u00e9rer leur consentement lors de l\u2019impl\u00e9mentation d\u2019outils de gestion des cookies.<\/p><h3>6. <strong>Responsabilit\u00e9<\/strong><\/h3><p>Digital Loire Consulting s\u2019efforce de fournir des informations fiables et actualis\u00e9es sur son site internet. Toutefois, la soci\u00e9t\u00e9 ne saurait \u00eatre tenue pour responsable des erreurs, omissions, ou de l\u2019indisponibilit\u00e9 temporaire des services. L&rsquo;utilisation des informations disponibles sur le site est \u00e0 la responsabilit\u00e9 de l&rsquo;utilisateur.<\/p><h3>7. <strong>M\u00e9diation et r\u00e8glement des litiges<\/strong><\/h3><p>Digital Loire Consulting n\u2019offre pas de service direct de vente en ligne sur son site. Cependant, en cas de litige concernant l&rsquo;utilisation du site, vous avez la possibilit\u00e9 de recourir \u00e0 un m\u00e9diateur de la consommation en vertu des articles L612-1 et suivants du Code de la consommation.<\/p>\t\t\t\t\t\t\t\t<\/div>\n\t\t\t\t<\/div>\n\t\t\t\t\t<\/div>\n\t\t\t\t<\/div>\n\t\t\t\t<\/div>\n\t\t","protected":false},"excerpt":{"rendered":"<p>Mentions L\u00e9gales 1. \u00c9diteur du site Le site [www.digital-loire-consulting.fr] est \u00e9dit\u00e9 par : Raison sociale : Digital Loire Consulting Forme juridique : Soci\u00e9t\u00e9 par actions simplifi\u00e9e \u00e0 associ\u00e9 unique (SASU) Si\u00e8ge social : 320 rue de la Croix du Frene, 42590 Neulise, France Num\u00e9ro d&rsquo;immatriculation : 89832011400017 (RCS) Capital social : 100 \u20ac Directeur de la publication : S\u00e9bastien Oorenbant Responsable de la r\u00e9daction : S\u00e9bastien Oorenbant Adresse e-mail : sebastien.oorenbant@digital-loire-consulting.fr 2. H\u00e9bergeur du site Le site est h\u00e9berg\u00e9 par : WordPress L&rsquo;h\u00e9bergeur de WordPress est Automattic Inc., une soci\u00e9t\u00e9 bas\u00e9e aux \u00c9tats-Unis. Si\u00e8ge social : 60 29th Street #343, San Francisco, CA 94110, \u00c9tats-Unis. 3. Propri\u00e9t\u00e9 intellectuelle L\u2019ensemble du contenu pr\u00e9sent sur le site [www.digital-loire-consulting.fr], incluant, de fa\u00e7on non limitative, les textes, graphiques, images, logos, et vid\u00e9os, est la propri\u00e9t\u00e9 de Digital Loire Consulting, ou fait l\u2019objet d\u2019une autorisation d\u2019utilisation. Toute reproduction, distribution, modification ou adaptation de ces \u00e9l\u00e9ments est interdite sans autorisation pr\u00e9alable. 4. Donn\u00e9es personnelles Dans le cadre de l\u2019utilisation du site [www.digital-loire-consulting.fr], Digital Loire Consulting est amen\u00e9 \u00e0 collecter des informations personnelles via le formulaire de contact. Les donn\u00e9es collect\u00e9es (nom, pr\u00e9nom, e-mail, num\u00e9ro de t\u00e9l\u00e9phone) sont destin\u00e9es \u00e0 des fins de prospection commerciale, notamment pour recontacter les utilisateurs int\u00e9ress\u00e9s par les services de la soci\u00e9t\u00e9. Conform\u00e9ment \u00e0 la loi \u00ab\u00a0Informatique et Libert\u00e9s\u00a0\u00bb et au R\u00e8glement G\u00e9n\u00e9ral sur la Protection des Donn\u00e9es (RGPD), vous disposez d\u2019un droit d\u2019acc\u00e8s, de rectification et de suppression des informations vous concernant. Pour exercer ces droits, vous pouvez contacter Digital Loire Consulting par e-mail \u00e0 l\u2019adresse suivante : sebastien.oorenbant@digital-loire-consulting.fr. 5. Cookies Le site n\u2019utilise actuellement pas de cookies, mais leur utilisation est pr\u00e9vue \u00e0 l\u2019avenir. Les utilisateurs seront inform\u00e9s et pourront g\u00e9rer leur consentement lors de l\u2019impl\u00e9mentation d\u2019outils de gestion des cookies. 6. Responsabilit\u00e9 Digital Loire Consulting s\u2019efforce de fournir des informations fiables et actualis\u00e9es sur son site internet. Toutefois, la soci\u00e9t\u00e9 ne saurait \u00eatre tenue pour responsable des erreurs, omissions, ou de l\u2019indisponibilit\u00e9 temporaire des services. L&rsquo;utilisation des informations disponibles sur le site est \u00e0 la responsabilit\u00e9 de l&rsquo;utilisateur. 7. M\u00e9diation et r\u00e8glement des litiges Digital Loire Consulting n\u2019offre pas de service direct de vente en ligne sur son site. Cependant, en cas de litige concernant l&rsquo;utilisation du site, vous avez la possibilit\u00e9 de recourir \u00e0 un m\u00e9diateur de la consommation en vertu des articles L612-1 et suivants du Code de la consommation.<\/p>\n","protected":false},"author":1,"featured_media":0,"parent":0,"menu_order":0,"comment_status":"closed","ping_status":"closed","template":"","meta":{"ocean_post_layout":"","ocean_both_sidebars_style":"","ocean_both_sidebars_content_width":0,"ocean_both_sidebars_sidebars_width":0,"ocean_sidebar":"0","ocean_second_sidebar":"0","ocean_disable_margins":"enable","ocean_add_body_class":"","ocean_shortcode_before_top_bar":"","ocean_shortcode_after_top_bar":"","ocean_shortcode_before_header":"","ocean_shortcode_after_header":"","ocean_has_shortcode":"","ocean_shortcode_after_title":"","ocean_shortcode_before_footer_widgets":"","ocean_shortcode_after_footer_widgets":"","ocean_shortcode_before_footer_bottom":"","ocean_shortcode_after_footer_bottom":"","ocean_display_top_bar":"default","ocean_display_header":"default","ocean_header_style":"minimal","ocean_center_header_left_menu":"0","ocean_custom_header_template":"0","ocean_custom_logo":0,"ocean_custom_retina_logo":0,"ocean_custom_logo_max_width":0,"ocean_custom_logo_tablet_max_width":0,"ocean_custom_logo_mobile_max_width":0,"ocean_custom_logo_max_height":0,"ocean_custom_logo_tablet_max_height":0,"ocean_custom_logo_mobile_max_height":0,"ocean_header_custom_menu":"0","ocean_menu_typo_font_family":"Roboto","ocean_menu_typo_font_subset":"","ocean_menu_typo_font_size":20,"ocean_menu_typo_font_size_tablet":0,"ocean_menu_typo_font_size_mobile":0,"ocean_menu_typo_font_size_unit":"px","ocean_menu_typo_font_weight":"400","ocean_menu_typo_font_weight_tablet":"","ocean_menu_typo_font_weight_mobile":"","ocean_menu_typo_transform":"","ocean_menu_typo_transform_tablet":"","ocean_menu_typo_transform_mobile":"","ocean_menu_typo_line_height":0,"ocean_menu_typo_line_height_tablet":0,"ocean_menu_typo_line_height_mobile":0,"ocean_menu_typo_line_height_unit":"","ocean_menu_typo_spacing":0,"ocean_menu_typo_spacing_tablet":0,"ocean_menu_typo_spacing_mobile":0,"ocean_menu_typo_spacing_unit":"","ocean_menu_link_color":"#00788e","ocean_menu_link_color_hover":"#000000","ocean_menu_link_color_active":"#8bc34a","ocean_menu_link_background":"","ocean_menu_link_hover_background":"","ocean_menu_link_active_background":"","ocean_menu_social_links_bg":"","ocean_menu_social_hover_links_bg":"","ocean_menu_social_links_color":"","ocean_menu_social_hover_links_color":"","ocean_disable_title":"default","ocean_disable_heading":"default","ocean_post_title":"","ocean_post_subheading":"","ocean_post_title_style":"","ocean_post_title_background_color":"","ocean_post_title_background":0,"ocean_post_title_bg_image_position":"","ocean_post_title_bg_image_attachment":"","ocean_post_title_bg_image_repeat":"","ocean_post_title_bg_image_size":"","ocean_post_title_height":0,"ocean_post_title_bg_overlay":0.5,"ocean_post_title_bg_overlay_color":"","ocean_disable_breadcrumbs":"default","ocean_breadcrumbs_color":"","ocean_breadcrumbs_separator_color":"","ocean_breadcrumbs_links_color":"","ocean_breadcrumbs_links_hover_color":"","ocean_display_footer_widgets":"default","ocean_display_footer_bottom":"default","ocean_custom_footer_template":"0","footnotes":""},"class_list":["post-385","page","type-page","status-publish","hentry","entry"],"_links":{"self":[{"href":"https:\/\/www.digital-loire-consulting.com\/index.php?rest_route=\/wp\/v2\/pages\/385","targetHints":{"allow":["GET"]}}],"collection":[{"href":"https:\/\/www.digital-loire-consulting.com\/index.php?rest_route=\/wp\/v2\/pages"}],"about":[{"href":"https:\/\/www.digital-loire-consulting.com\/index.php?rest_route=\/wp\/v2\/types\/page"}],"author":[{"embeddable":true,"href":"https:\/\/www.digital-loire-consulting.com\/index.php?rest_route=\/wp\/v2\/users\/1"}],"replies":[{"embeddable":true,"href":"https:\/\/www.digital-loire-consulting.com\/index.php?rest_route=%2Fwp%2Fv2%2Fcomments&post=385"}],"version-history":[{"count":7,"href":"https:\/\/www.digital-loire-consulting.com\/index.php?rest_route=\/wp\/v2\/pages\/385\/revisions"}],"predecessor-version":[{"id":403,"href":"https:\/\/www.digital-loire-consulting.com\/index.php?rest_route=\/wp\/v2\/pages\/385\/revisions\/403"}],"wp:attachment":[{"href":"https:\/\/www.digital-loire-consulting.com\/index.php?rest_route=%2Fwp%2Fv2%2Fmedia&parent=385"}],"curies":[{"name":"wp","href":"https:\/\/api.w.org\/{rel}","templated":true}]}}