{"id":27,"date":"2024-09-24T13:28:58","date_gmt":"2024-09-24T11:28:58","guid":{"rendered":"https:\/\/www.digital-loire-consulting.com\/?page_id=27"},"modified":"2024-10-23T14:46:15","modified_gmt":"2024-10-23T12:46:15","slug":"contacts","status":"publish","type":"page","link":"https:\/\/www.digital-loire-consulting.com\/?page_id=27","title":{"rendered":"Contacts"},"content":{"rendered":"\t\t<div data-elementor-type=\"wp-page\" data-elementor-id=\"27\" class=\"elementor elementor-27\">\n\t\t\t\t<div class=\"elementor-element elementor-element-57f808f e-flex e-con-boxed wpr-particle-no wpr-jarallax-no wpr-parallax-no wpr-sticky-section-no wpr-equal-height-no e-con e-parent\" data-id=\"57f808f\" data-element_type=\"container\" data-e-type=\"container\" data-settings=\"{&quot;background_background&quot;:&quot;classic&quot;}\">\n\t\t\t\t\t<div class=\"e-con-inner\">\n\t\t<div class=\"elementor-element elementor-element-cc3acae e-con-full e-flex wpr-particle-no wpr-jarallax-no wpr-parallax-no wpr-sticky-section-no wpr-equal-height-no e-con e-child\" data-id=\"cc3acae\" data-element_type=\"container\" data-e-type=\"container\">\n\t\t<div class=\"elementor-element elementor-element-4c83a99 e-con-full e-flex wpr-particle-no wpr-jarallax-no wpr-parallax-no wpr-sticky-section-no wpr-equal-height-no e-con e-child\" data-id=\"4c83a99\" data-element_type=\"container\" data-e-type=\"container\">\n\t\t\t\t<div class=\"elementor-element elementor-element-0242efc elementor-widget elementor-widget-spacer\" data-id=\"0242efc\" data-element_type=\"widget\" data-e-type=\"widget\" data-widget_type=\"spacer.default\">\n\t\t\t\t<div class=\"elementor-widget-container\">\n\t\t\t\t\t\t\t<div class=\"elementor-spacer\">\n\t\t\t<div class=\"elementor-spacer-inner\"><\/div>\n\t\t<\/div>\n\t\t\t\t\t\t<\/div>\n\t\t\t\t<\/div>\n\t\t\t\t<div class=\"elementor-element elementor-element-458cda4 elementor-widget elementor-widget-heading\" data-id=\"458cda4\" data-element_type=\"widget\" data-e-type=\"widget\" data-widget_type=\"heading.default\">\n\t\t\t\t<div class=\"elementor-widget-container\">\n\t\t\t\t\t<h2 class=\"elementor-heading-title elementor-size-default\">Contact <\/h2>\t\t\t\t<\/div>\n\t\t\t\t<\/div>\n\t\t\t\t<div class=\"elementor-element elementor-element-78cd9ab elementor-widget elementor-widget-heading\" data-id=\"78cd9ab\" data-element_type=\"widget\" data-e-type=\"widget\" data-widget_type=\"heading.default\">\n\t\t\t\t<div class=\"elementor-widget-container\">\n\t\t\t\t\t<h6 class=\"elementor-heading-title elementor-size-default\">Une question ? Une demande ?\n<br>Vous souhaitez en savoir plus ?<\/h6>\t\t\t\t<\/div>\n\t\t\t\t<\/div>\n\t\t\t\t<\/div>\n\t\t\t\t<div class=\"elementor-element elementor-element-9fe0648 elementor-widget elementor-widget-text-editor\" data-id=\"9fe0648\" data-element_type=\"widget\" data-e-type=\"widget\" data-widget_type=\"text-editor.default\">\n\t\t\t\t<div class=\"elementor-widget-container\">\n\t\t\t\t\t\t\t\t\t<p>Vous avez l&rsquo;impression d&rsquo;\u00eatre pass\u00e9 \u00e0 c\u00f4t\u00e9 de quelque chose dans votre projet ?\u2028\u2028<\/p>\n<p>Dans 9 cas sur 10, ce probl\u00e8me peut \u00eatre r\u00e9solu gr\u00e2ce \u00e0 un expert qui analysera la situation avec un \u0153il nouveau.<\/p>\n<p>Si vous souhaitez discuter plus en d\u00e9tails de vos objectifs, je reste \u00e0 votre disposition pour convenir d&rsquo;une consultation informelle.<\/p>\t\t\t\t\t\t\t\t<\/div>\n\t\t\t\t<\/div>\n\t\t\t\t<div class=\"elementor-element elementor-element-7fe22ef elementor-widget elementor-widget-formidable\" data-id=\"7fe22ef\" data-element_type=\"widget\" data-e-type=\"widget\" data-widget_type=\"formidable.default\">\n\t\t\t\t<div class=\"elementor-widget-container\">\n\t\t\t\t\t<div class=\"frm_forms  with_frm_style frm_style_style-formidable\" id=\"frm_form_1_container\" data-token=\"c6670e80ce1d31ed41e9916c7dee3eb9\">\n<form enctype=\"multipart\/form-data\" method=\"post\" class=\"frm-show-form \" id=\"form_contact-form\" data-token=\"c6670e80ce1d31ed41e9916c7dee3eb9\">\n<div class=\"frm_form_fields \">\n<fieldset>\n<legend class=\"frm_screen_reader\">Contactez nous<\/legend>\r\n\r\n<div class=\"frm_fields_container\">\n<input type=\"hidden\" name=\"frm_action\" value=\"create\" \/>\n<input type=\"hidden\" name=\"form_id\" value=\"1\" \/>\n<input type=\"hidden\" name=\"frm_hide_fields_1\" id=\"frm_hide_fields_1\" value=\"\" \/>\n<input type=\"hidden\" name=\"form_key\" value=\"contact-form\" \/>\n<input type=\"hidden\" name=\"item_meta[0]\" value=\"\" \/>\n<input type=\"hidden\" id=\"frm_submit_entry_1\" name=\"frm_submit_entry_1\" value=\"a8b9ae350d\" \/><input type=\"hidden\" name=\"_wp_http_referer\" value=\"\/index.php?rest_route=%2Fwp%2Fv2%2Fpages%2F27\" \/><div id=\"frm_field_1_container\" class=\"frm_form_field form-field  frm_required_field frm_top_container frm_first frm_half\">\r\n\t<label for=\"field_qh4icy\" id=\"field_qh4icy_label\" class=\"frm_primary_label\">Nom\r\n\t\t<span class=\"frm_required\" aria-hidden=\"true\">*<\/span>\r\n\t<\/label>\r\n\t<input type=\"text\" id=\"field_qh4icy\" name=\"item_meta[1]\" value=\"\"  data-reqmsg=\"Nom ne peut pas \u00eatre vide.\" aria-required=\"true\" data-invmsg=\"Nom est non valide\" aria-invalid=\"false\"  \/>\r\n\t\r\n\t\r\n<\/div>\n<div id=\"frm_field_2_container\" class=\"frm_form_field form-field  frm_required_field frm_hidden_container frm_half\">\r\n\t<label for=\"field_ocfup1\" id=\"field_ocfup1_label\" class=\"frm_primary_label\">Pr\u00e9nom\r\n\t\t<span class=\"frm_required\" aria-hidden=\"true\">*<\/span>\r\n\t<\/label>\r\n\t<input type=\"text\" id=\"field_ocfup1\" name=\"item_meta[2]\" value=\"\"  data-reqmsg=\"Pr\u00e9nom ne peut pas \u00eatre vide.\" aria-required=\"true\" data-invmsg=\"Pr\u00e9nom est non valide\" aria-invalid=\"false\"  \/>\r\n\t\r\n\t\r\n<\/div>\n<div id=\"frm_field_3_container\" class=\"frm_form_field form-field  frm_required_field frm_top_container frm6 frm_first\">\r\n\t<label for=\"field_29yf4d\" id=\"field_29yf4d_label\" class=\"frm_primary_label\">Email\r\n\t\t<span class=\"frm_required\" aria-hidden=\"true\">*<\/span>\r\n\t<\/label>\r\n\t<input type=\"email\" id=\"field_29yf4d\" name=\"item_meta[3]\" value=\"\"  data-reqmsg=\"Email ne peut pas \u00eatre vide.\" aria-required=\"true\" data-invmsg=\"Please enter a valid email address\" aria-invalid=\"false\"  \/>\r\n\t\r\n\t\r\n<\/div>\n<div id=\"frm_field_8_container\" class=\"frm_form_field form-field  frm_top_container frm6\">\r\n\t<label for=\"field_3b7mo\" id=\"field_3b7mo_label\" class=\"frm_primary_label\">T\u00e9l\u00e9phone\r\n\t\t<span class=\"frm_required\" aria-hidden=\"true\"><\/span>\r\n\t<\/label>\r\n\t<input type=\"tel\" id=\"field_3b7mo\" name=\"item_meta[8]\" value=\"\"  data-invmsg=\"T\u00e9l\u00e9phone est non valide\" aria-invalid=\"false\" pattern=\"((\\+\\d{1,3}(-|.| )?\\(?\\d\\)?(-| |.)?\\d{1,5})|(\\(?\\d{2,6}\\)?))(-|.| )?(\\d{3,4})(-|.| )?(\\d{4})(( x| ext)\\d{1,5}){0,1}$\"  \/>\r\n\t\r\n\t\r\n<\/div>\n<div id=\"frm_field_5_container\" class=\"frm_form_field form-field  frm_required_field frm_top_container frm_full\">\r\n\t<label for=\"field_9jv0r1\" id=\"field_9jv0r1_label\" class=\"frm_primary_label\">Message\r\n\t\t<span class=\"frm_required\" aria-hidden=\"true\">*<\/span>\r\n\t<\/label>\r\n\t<textarea name=\"item_meta[5]\" id=\"field_9jv0r1\" rows=\"5\"  data-reqmsg=\"Message ne peut pas \u00eatre vide.\" aria-required=\"true\" data-invmsg=\"Message est non valide\" aria-invalid=\"false\"  ><\/textarea>\r\n\t\r\n\t\r\n<\/div>\n<div id=\"frm_field_6_container\" class=\"frm_form_field form-field \">\r\n\t<div class=\"frm_submit frm_flex\">\r\n<button class=\"frm_button_submit\" type=\"submit\"  >Envoyer<\/button>\r\n\r\n\r\n\r\n<\/div>\r\n<\/div>\n\t<input type=\"hidden\" name=\"item_key\" value=\"\" \/>\n\t\t\t<div id=\"frm_field_9_container\">\n\t\t\t<label for=\"field_drjdp\" >\n\t\t\t\tSi vous \u00eates un humain, ne remplissez pas ce champ.\t\t\t<\/label>\n\t\t\t<input  id=\"field_drjdp\" type=\"text\" class=\"frm_form_field form-field frm_verify\" name=\"item_meta[9]\" value=\"\"  \/>\n\t\t<\/div>\n\t\t<input name=\"frm_state\" type=\"hidden\" value=\"73bY63kVgVsm6ddfdXRG16FGEZCfkEXAXcOZc0z7Rek=\" \/><\/div>\n<\/fieldset>\n<\/div>\n\n<\/form>\n<\/div>\n\t\t\t\t<\/div>\n\t\t\t\t<\/div>\n\t\t\t\t<div class=\"elementor-element elementor-element-dc337b2 elementor-widget elementor-widget-spacer\" data-id=\"dc337b2\" data-element_type=\"widget\" data-e-type=\"widget\" data-widget_type=\"spacer.default\">\n\t\t\t\t<div class=\"elementor-widget-container\">\n\t\t\t\t\t\t\t<div class=\"elementor-spacer\">\n\t\t\t<div class=\"elementor-spacer-inner\"><\/div>\n\t\t<\/div>\n\t\t\t\t\t\t<\/div>\n\t\t\t\t<\/div>\n\t\t\t\t<div class=\"elementor-element elementor-element-c7280f9 elementor-widget elementor-widget-heading\" data-id=\"c7280f9\" data-element_type=\"widget\" data-e-type=\"widget\" data-widget_type=\"heading.default\">\n\t\t\t\t<div class=\"elementor-widget-container\">\n\t\t\t\t\t<h6 class=\"elementor-heading-title elementor-size-default\">Merci pour vontre message !\n<br>Ensemble, construisons l'avenir digital de votre entreprise !<\/h6>\t\t\t\t<\/div>\n\t\t\t\t<\/div>\n\t\t\t\t<div class=\"elementor-element elementor-element-ff369a8 elementor-widget elementor-widget-spacer\" data-id=\"ff369a8\" data-element_type=\"widget\" data-e-type=\"widget\" data-widget_type=\"spacer.default\">\n\t\t\t\t<div class=\"elementor-widget-container\">\n\t\t\t\t\t\t\t<div class=\"elementor-spacer\">\n\t\t\t<div class=\"elementor-spacer-inner\"><\/div>\n\t\t<\/div>\n\t\t\t\t\t\t<\/div>\n\t\t\t\t<\/div>\n\t\t\t\t<\/div>\n\t\t<div class=\"elementor-element elementor-element-db3643a e-con-full e-flex wpr-particle-no wpr-jarallax-no wpr-parallax-no wpr-sticky-section-no wpr-equal-height-no e-con e-child\" data-id=\"db3643a\" data-element_type=\"container\" data-e-type=\"container\">\n\t\t\t\t<div class=\"elementor-element elementor-element-6ffdf90 elementor-widget elementor-widget-spacer\" data-id=\"6ffdf90\" data-element_type=\"widget\" data-e-type=\"widget\" data-widget_type=\"spacer.default\">\n\t\t\t\t<div class=\"elementor-widget-container\">\n\t\t\t\t\t\t\t<div class=\"elementor-spacer\">\n\t\t\t<div class=\"elementor-spacer-inner\"><\/div>\n\t\t<\/div>\n\t\t\t\t\t\t<\/div>\n\t\t\t\t<\/div>\n\t\t\t\t<div class=\"elementor-element elementor-element-01ec98a elementor-view-default elementor-widget elementor-widget-icon\" data-id=\"01ec98a\" data-element_type=\"widget\" data-e-type=\"widget\" data-widget_type=\"icon.default\">\n\t\t\t\t<div class=\"elementor-widget-container\">\n\t\t\t\t\t\t\t<div class=\"elementor-icon-wrapper\">\n\t\t\t<div class=\"elementor-icon\">\n\t\t\t<svg xmlns=\"http:\/\/www.w3.org\/2000\/svg\" viewBox=\"0 0 384 384\"><defs><style>.cls-1{fill:#00788e;}<\/style><\/defs><g id=\"Calque_2\" data-name=\"Calque 2\"><g id=\"Calque_1-2\" data-name=\"Calque 1\"><path class=\"cls-1\" d=\"M203.25,0c7.54,1,15.12,1.74,22.6,3.05a189.11,189.11,0,0,1,74,30.17c4.18,2.83,5.28,7.4,2.81,11s-6.94,4.3-11.26,1.39a177.25,177.25,0,0,0-64.46-27.1C132.7-.64,40.09,59.4,19.64,153.51,8.57,204.44,18,251.74,47.92,294.65c2.77,4,3.45,7.6,2.11,12.22-3.21,11-6,22.15-9,33.25-.28,1-.45,2.1-.79,3.77,6.89-1.8,13.24-3.44,19.58-5.13,5.78-1.54,11.62-2.94,17.31-4.79,4.6-1.5,8.32-.73,12.22,2.12a165.31,165.31,0,0,0,53.32,25.77C242.84,390,344.84,328.82,365.34,227c9.54-47.43.6-91.54-25.54-132.2-.47-.74-1-1.46-1.44-2.2-2.76-4.41-2.19-8.76,1.47-11.25s8.23-1.46,10.92,2.9c4.52,7.32,9.13,14.63,13,22.29a185.1,185.1,0,0,1,19.63,71,28.1,28.1,0,0,0,.6,3.25v22.5c-.22,1.09-.48,2.17-.65,3.26-1.54,10-2.41,20.1-4.72,29.9A191.48,191.48,0,0,1,225.06,381c-7,1.2-14,2-21.06,3H180.75a18.78,18.78,0,0,0-2.53-.56,191.67,191.67,0,0,1-95-33.13,7,7,0,0,0-5-.83c-14.74,3.77-29.42,7.77-44.13,11.66a17.17,17.17,0,0,1-5.48.89c-4.79-.39-7.55-4.84-6.22-9.9q5.91-22.42,12-44.8a8.19,8.19,0,0,0-1.17-7.58A186,186,0,0,1,2.85,224.34C1.73,217.59.94,210.78,0,204V180.75a34.93,34.93,0,0,0,.64-3.63c1.62-22,6.66-43.21,16-63.13C45.4,52.94,93,15.77,159.29,2.93c7.08-1.37,14.3-2,21.46-2.93Z\"><\/path><path class=\"cls-1\" d=\"M265.82,147.61c-1.1,25.16-13.46,47.43-38.61,61.86-7.94,4.56-12.52,10.1-13.15,19.63-.89,13.55-12,22.45-25.29,21.55-12.6-.86-22-11.34-21.55-24.65.82-24.74,12.24-43.36,33.61-55.61,7.69-4.41,13.94-9.64,16.58-18.34,4.22-13.91-3.7-29-18-34.38-13.1-4.93-28.49,1.8-34.32,15-.5,1.14-.92,2.32-1.4,3.47-5.21,12.41-18.36,18.23-30.52,13.51s-17.89-17.57-13.61-30.15c18.42-54,87.45-68.18,126.2-25.79C258.78,107.91,265.73,124.6,265.82,147.61Zm-15,.07c-.09-48.41-48.87-77.86-88.15-56.91A58.91,58.91,0,0,0,133.94,124c-1.88,5.29.12,10,4.79,11.72s9.16-.56,11.33-5.78c.24-.57.45-1.16.68-1.74,8.22-20.63,30.95-31.77,51.79-25.37,21.54,6.61,34.79,28.77,30,50.43-3.1,14-11.88,23.33-24.26,30.18-16.71,9.25-25.47,23.8-26.06,43-.17,5.42,3.25,9.1,8.15,9.25s8.75-3.14,9-8.56c.54-14.34,7.94-23.7,20.18-30.51C240,185.22,249.94,167.17,250.78,147.68Z\"><\/path><path class=\"cls-1\" d=\"M190.67,315.17a23.57,23.57,0,0,1,.05-47.14,23.57,23.57,0,1,1-.05,47.14Zm.19-15a8.53,8.53,0,0,0,8.45-8.67,8.7,8.7,0,0,0-8.77-8.41,8.52,8.52,0,0,0-8.36,8.74A8.37,8.37,0,0,0,190.86,300.15Z\"><\/path><path class=\"cls-1\" d=\"M329.9,61.61A7.53,7.53,0,0,1,322.48,69a7.37,7.37,0,0,1-7.5-7.63,7.55,7.55,0,0,1,7.53-7.29A7.69,7.69,0,0,1,329.9,61.61Z\"><\/path><\/g><\/g><\/svg>\t\t\t<\/div>\n\t\t<\/div>\n\t\t\t\t\t\t<\/div>\n\t\t\t\t<\/div>\n\t\t\t\t<\/div>\n\t\t<div class=\"elementor-element elementor-element-5789b1b e-con-full e-flex wpr-particle-no wpr-jarallax-no wpr-parallax-no wpr-sticky-section-no wpr-equal-height-no e-con e-child\" data-id=\"5789b1b\" data-element_type=\"container\" data-e-type=\"container\">\n\t\t\t\t<\/div>\n\t\t\t\t\t<\/div>\n\t\t\t\t<\/div>\n\t\t\t\t<\/div>\n\t\t","protected":false},"excerpt":{"rendered":"<p>Contact Une question ? Une demande ? Vous souhaitez en savoir plus ? Vous avez l&rsquo;impression d&rsquo;\u00eatre pass\u00e9 \u00e0 c\u00f4t\u00e9 de quelque chose dans votre projet ? Dans 9 cas sur 10, ce probl\u00e8me peut \u00eatre r\u00e9solu gr\u00e2ce \u00e0 un expert qui analysera la situation avec un \u0153il nouveau. Si vous souhaitez discuter plus en d\u00e9tails de vos objectifs, je reste \u00e0 votre disposition pour convenir d&rsquo;une consultation informelle. Contactez nous Nom * Pr\u00e9nom * Email * T\u00e9l\u00e9phone Message * Envoyer Si vous \u00eates un humain, ne remplissez pas ce champ. Merci pour vontre message ! Ensemble, construisons l&rsquo;avenir digital de votre entreprise ! &nbsp; &nbsp;<\/p>\n","protected":false},"author":1,"featured_media":0,"parent":0,"menu_order":0,"comment_status":"closed","ping_status":"closed","template":"","meta":{"ocean_post_layout":"","ocean_both_sidebars_style":"","ocean_both_sidebars_content_width":0,"ocean_both_sidebars_sidebars_width":0,"ocean_sidebar":"0","ocean_second_sidebar":"0","ocean_disable_margins":"enable","ocean_add_body_class":"","ocean_shortcode_before_top_bar":"","ocean_shortcode_after_top_bar":"","ocean_shortcode_before_header":"","ocean_shortcode_after_header":"","ocean_has_shortcode":"","ocean_shortcode_after_title":"","ocean_shortcode_before_footer_widgets":"","ocean_shortcode_after_footer_widgets":"","ocean_shortcode_before_footer_bottom":"","ocean_shortcode_after_footer_bottom":"","ocean_display_top_bar":"default","ocean_display_header":"default","ocean_header_style":"","ocean_center_header_left_menu":"0","ocean_custom_header_template":"125","ocean_custom_logo":452,"ocean_custom_retina_logo":452,"ocean_custom_logo_max_width":0,"ocean_custom_logo_tablet_max_width":0,"ocean_custom_logo_mobile_max_width":0,"ocean_custom_logo_max_height":0,"ocean_custom_logo_tablet_max_height":0,"ocean_custom_logo_mobile_max_height":0,"ocean_header_custom_menu":"4","ocean_menu_typo_font_family":"Roboto","ocean_menu_typo_font_subset":"","ocean_menu_typo_font_size":20,"ocean_menu_typo_font_size_tablet":0,"ocean_menu_typo_font_size_mobile":0,"ocean_menu_typo_font_size_unit":"px","ocean_menu_typo_font_weight":"400","ocean_menu_typo_font_weight_tablet":"","ocean_menu_typo_font_weight_mobile":"","ocean_menu_typo_transform":"","ocean_menu_typo_transform_tablet":"","ocean_menu_typo_transform_mobile":"","ocean_menu_typo_line_height":0,"ocean_menu_typo_line_height_tablet":0,"ocean_menu_typo_line_height_mobile":0,"ocean_menu_typo_line_height_unit":"","ocean_menu_typo_spacing":0,"ocean_menu_typo_spacing_tablet":0,"ocean_menu_typo_spacing_mobile":0,"ocean_menu_typo_spacing_unit":"","ocean_menu_link_color":"#ffffff","ocean_menu_link_color_hover":"#8bc34a","ocean_menu_link_color_active":"#00788e","ocean_menu_link_background":"","ocean_menu_link_hover_background":"","ocean_menu_link_active_background":"","ocean_menu_social_links_bg":"","ocean_menu_social_hover_links_bg":"","ocean_menu_social_links_color":"","ocean_menu_social_hover_links_color":"","ocean_disable_title":"on","ocean_disable_heading":"default","ocean_post_title":"","ocean_post_subheading":"","ocean_post_title_style":"","ocean_post_title_background_color":"","ocean_post_title_background":0,"ocean_post_title_bg_image_position":"","ocean_post_title_bg_image_attachment":"","ocean_post_title_bg_image_repeat":"","ocean_post_title_bg_image_size":"","ocean_post_title_height":0,"ocean_post_title_bg_overlay":0.5,"ocean_post_title_bg_overlay_color":"","ocean_disable_breadcrumbs":"off","ocean_breadcrumbs_color":"","ocean_breadcrumbs_separator_color":"","ocean_breadcrumbs_links_color":"","ocean_breadcrumbs_links_hover_color":"","ocean_display_footer_widgets":"default","ocean_display_footer_bottom":"default","ocean_custom_footer_template":"0","footnotes":""},"class_list":["post-27","page","type-page","status-publish","hentry","entry"],"_links":{"self":[{"href":"https:\/\/www.digital-loire-consulting.com\/index.php?rest_route=\/wp\/v2\/pages\/27","targetHints":{"allow":["GET"]}}],"collection":[{"href":"https:\/\/www.digital-loire-consulting.com\/index.php?rest_route=\/wp\/v2\/pages"}],"about":[{"href":"https:\/\/www.digital-loire-consulting.com\/index.php?rest_route=\/wp\/v2\/types\/page"}],"author":[{"embeddable":true,"href":"https:\/\/www.digital-loire-consulting.com\/index.php?rest_route=\/wp\/v2\/users\/1"}],"replies":[{"embeddable":true,"href":"https:\/\/www.digital-loire-consulting.com\/index.php?rest_route=%2Fwp%2Fv2%2Fcomments&post=27"}],"version-history":[{"count":38,"href":"https:\/\/www.digital-loire-consulting.com\/index.php?rest_route=\/wp\/v2\/pages\/27\/revisions"}],"predecessor-version":[{"id":478,"href":"https:\/\/www.digital-loire-consulting.com\/index.php?rest_route=\/wp\/v2\/pages\/27\/revisions\/478"}],"wp:attachment":[{"href":"https:\/\/www.digital-loire-consulting.com\/index.php?rest_route=%2Fwp%2Fv2%2Fmedia&parent=27"}],"curies":[{"name":"wp","href":"https:\/\/api.w.org\/{rel}","templated":true}]}}